{"id":42,"date":"2017-09-04T14:50:41","date_gmt":"2017-09-04T14:50:41","guid":{"rendered":"https:\/\/xml-io.proteusthemes.com\/growthpress\/?page_id=42"},"modified":"2022-11-20T17:30:49","modified_gmt":"2022-11-20T17:30:49","slug":"the-comparator-of-payment-solutions-2","status":"publish","type":"page","link":"https:\/\/entrepreneurhero.org\/es\/","title":{"rendered":"Comparador de servicios para emprendedores &#8211; Entrepreneur Hero Espa\u00f1a"},"content":{"rendered":"<div id=\"pl-42\"  class=\"panel-layout\" ><div id=\"pg-42-0\"  class=\"panel-grid panel-has-style\" ><div class=\"siteorigin-panels-stretch panel-row-style panel-row-style-for-42-0\" data-stretch-type=\"full-stretched\" ><div id=\"pgc-42-0-0\"  class=\"panel-grid-cell\" ><div id=\"panel-42-0-0-0\" class=\"so-panel widget widget_sow-editor panel-first-child panel-last-child\" data-index=\"0\" ><div class=\"panel-widget-style panel-widget-style-for-42-0-0-0\" ><div\n\t\t\t\n\t\t\tclass=\"so-widget-sow-editor so-widget-sow-editor-base\"\n\t\t\t\n\t\t><h3 class=\"widget-title\"><span class=\"widget-title__inline\">button div<\/span><\/h3>\n<div class=\"siteorigin-widget-tinymce textwidget\">\n\t&nbsp;\n\n<section class=\"all-home\">\n<div id=\"#headline-1\">\n<h1 id=\"tw-target-text\" class=\"tw-data-text tw-text-large tw-ta\" dir=\"ltr\" data-placeholder=\"Traduction\"><span class=\"Y2IQFc\" lang=\"es\" style=\"color: #ffffff;\">Compara las mejores opciones de m\u00e1quinas de tarjetas en Espa\u00f1a<\/span><\/h1>\n<\/div>\n<div id=\"#headline-2\">\n<h2 class=\"head-small\">(Para emprendedores por emprendedores)<\/h2>\n<\/div>\n<\/section>\n<div class=\"all-image\">\n\n<img loading=\"lazy\" decoding=\"async\" class=\"tab wp-image-12236 size-full aligncenter\" role=\"img\" src=\"https:\/\/entrepreneurhero.org\/es\/wp-content\/uploads\/sites\/6\/2022\/11\/logo__yavin_dark.png\" alt=\"logo yavin\" width=\"80\" height=\"86\" \/>\n\n<img loading=\"lazy\" decoding=\"async\" class=\"mob alignnone wp-image-12227 size-full aligncenter\" role=\"img\" src=\"https:\/\/entrepreneurhero.org\/es\/wp-content\/uploads\/sites\/6\/2022\/11\/1024px-Logotipo_de_BBVA.svg.png\" alt=\"logo BBVA\" width=\"70\" height=\"324\" \/>\n\n<img loading=\"lazy\" decoding=\"async\" class=\"desk wp-image-6835 size-full aligncenter\" role=\"img\" src=\"https:\/\/entrepreneurhero.org\/es\/wp-content\/uploads\/sites\/6\/2019\/08\/logo-sumup200x50.png\" alt=\"logo sumup\" width=\"100\" height=\"50\" \/>\n\n<img loading=\"lazy\" decoding=\"async\" class=\"tab alignnone wp-image-12228 size-large aligncenter\" role=\"img\" src=\"https:\/\/entrepreneurhero.org\/es\/wp-content\/uploads\/sites\/6\/2022\/11\/Banco_Santander_Logotipo.svg-1024x181.png\" alt=\"logo Santander\" width=\"80\" height=\"181\" \/>\n\n<img loading=\"lazy\" decoding=\"async\" class=\"aligncenter size-medium wp-image-9486 mob\" role=\"img\" src=\"https:\/\/entrepreneurhero.org\/es\/wp-content\/uploads\/sites\/6\/2022\/11\/Revolut-Logo.wine_.png\" alt=\"\" width=\"80\" height=\"35\" \/>\n\n<\/div><\/div>\n<\/div><\/div><\/div><\/div><\/div><\/div><div id=\"pg-42-1\"  class=\"panel-grid panel-no-style\" ><div id=\"pgc-42-1-0\"  class=\"panel-grid-cell\" ><div id=\"panel-42-1-0-0\" class=\"so-panel widget widget_sow-editor panel-first-child\" data-index=\"1\" ><div\n\t\t\t\n\t\t\tclass=\"so-widget-sow-editor so-widget-sow-editor-base\"\n\t\t\t\n\t\t>\n<div class=\"siteorigin-widget-tinymce textwidget\">\n\t<p>&nbsp;<\/p>\n<div class=\"container-title\">\n<p><img loading=\"lazy\" decoding=\"async\" class=\"alignnone size-full wp-image-8864 img-s\" src=\"http:\/\/127.0.0.1\/entrepreneur\/wp-content\/uploads\/2020\/06\/terminaux-1.png\" alt=\"\" width=\"40\" height=\"73\" srcset=\"https:\/\/entrepreneurhero.org\/es\/wp-content\/uploads\/sites\/6\/2020\/06\/terminaux-1.png 40w, https:\/\/entrepreneurhero.org\/es\/wp-content\/uploads\/sites\/6\/2020\/06\/terminaux-1-27x50.png 27w\" sizes=\"auto, (max-width: 40px) 100vw, 40px\" \/><\/p>\n<h2 class=\"entry-title fusion-post-title fusion-responsive-typography-calculated\" style=\"text-align: center;\" data-fontsize=\"34\" data-lineheight=\"37.06px\">Dat\u00e1fonos<\/h2>\n<\/div>\n<\/div>\n<\/div><\/div><div id=\"panel-42-1-0-1\" class=\"widget_text so-panel widget widget_custom_html panel-last-child\" data-index=\"2\" ><div class=\"textwidget custom-html-widget\"><\/div><\/div><\/div><\/div><div id=\"pg-42-2\"  class=\"panel-grid panel-no-style\" ><div id=\"pgc-42-2-0\"  class=\"panel-grid-cell\" ><div id=\"panel-42-2-0-0\" class=\"so-panel widget widget_pw_latest_news widget-latest-news panel-first-child panel-last-child\" data-index=\"3\" >\n\t\t\t\t\t\t<a href=\"https:\/\/entrepreneurhero.org\/es\/datafono\/yavin-mejor-datafono-moderno\/\" class=\"latest-news  latest-news--block\">\n\t\t\t\t<!-- Featured Image -->\n\t\t\t\t\t\t\t\t\t<img loading=\"lazy\" decoding=\"async\" src=\"https:\/\/entrepreneurhero.org\/es\/wp-content\/uploads\/sites\/6\/2022\/10\/yavin-datafono-moderno-350x175.png\" width=\"350\" height=\"175\" srcset=\"https:\/\/entrepreneurhero.org\/es\/wp-content\/uploads\/sites\/6\/2022\/10\/yavin-datafono-moderno-350x175.png 350w, https:\/\/entrepreneurhero.org\/es\/wp-content\/uploads\/sites\/6\/2022\/10\/yavin-datafono-moderno.png 1280w\" sizes=\"auto, (min-width: 1200px) 350px, (min-width: 992px) 290px, (min-width: 768px) 690px, (min-width: 576px) 510px, calc(100vw - 30px)\" class=\"latest-news__image  wp-post-image\" alt=\"\u00bfEs Yavin el mejor dat\u00e1fono?\">\n\t\t\t\t\n\t\t\t\t<div class=\"latest-news__content\">\n\t\t\t\t\t<div class=\"latest-news__header\">\n\t\t\t\t\t\t<!-- Date -->\n\t\t\t\t\t\t<time class=\"latest-news__date\" datetime=\"2022-10-04T08:48:20+00:00\">\n\t\t\t\t\t\t\t4 octubre 2022\t\t\t\t\t\t<\/time>\n\t\t\t\t\t\t<!-- Title -->\n\t\t\t\t\t\t<h2 class=\"latest-news__title\">\u00bfEs Yavin el mejor dat\u00e1fono?<\/h2>\n\t\t\t\t\t<\/div>\n\t\t\t\t\t\t\t\t\t<\/div>\n\t\t\t<\/a>\n\t\t\t\n<\/div><\/div><div id=\"pgc-42-2-1\"  class=\"panel-grid-cell\" ><div id=\"panel-42-2-1-0\" class=\"so-panel widget widget_pw_latest_news widget-latest-news panel-first-child panel-last-child\" data-index=\"4\" >\n\t\t\t\t\t\t<a href=\"https:\/\/entrepreneurhero.org\/es\/datafono\/cual-es-el-mejor-datafono\/\" class=\"latest-news  latest-news--block\">\n\t\t\t\t<!-- Featured Image -->\n\t\t\t\t\t\t\t\t\t<img loading=\"lazy\" decoding=\"async\" src=\"https:\/\/entrepreneurhero.org\/es\/wp-content\/uploads\/sites\/6\/2022\/10\/mejor-datafono-espana-350x175.png\" width=\"350\" height=\"175\" srcset=\"https:\/\/entrepreneurhero.org\/es\/wp-content\/uploads\/sites\/6\/2022\/10\/mejor-datafono-espana-350x175.png 350w, https:\/\/entrepreneurhero.org\/es\/wp-content\/uploads\/sites\/6\/2022\/10\/mejor-datafono-espana.png 1280w\" sizes=\"auto, (min-width: 1200px) 350px, (min-width: 992px) 290px, (min-width: 768px) 690px, (min-width: 576px) 510px, calc(100vw - 30px)\" class=\"latest-news__image  wp-post-image\" alt=\"\u00bfCu\u00e1l es el mejor dat\u00e1fono en Espa\u00f1a?\">\n\t\t\t\t\n\t\t\t\t<div class=\"latest-news__content\">\n\t\t\t\t\t<div class=\"latest-news__header\">\n\t\t\t\t\t\t<!-- Date -->\n\t\t\t\t\t\t<time class=\"latest-news__date\" datetime=\"2022-10-04T08:26:20+00:00\">\n\t\t\t\t\t\t\t4 octubre 2022\t\t\t\t\t\t<\/time>\n\t\t\t\t\t\t<!-- Title -->\n\t\t\t\t\t\t<h2 class=\"latest-news__title\">\u00bfCu\u00e1l es el mejor dat\u00e1fono en Espa\u00f1a?<\/h2>\n\t\t\t\t\t<\/div>\n\t\t\t\t\t\t\t\t\t<\/div>\n\t\t\t<\/a>\n\t\t\t\n<\/div><\/div><\/div><\/div>","protected":false},"excerpt":{"rendered":"<p>button div &nbsp; Compara las mejores opciones de m\u00e1quinas de tarjetas en Espa\u00f1a (Para emprendedores por emprendedores) &nbsp; Dat\u00e1fonos 4 octubre 2022 \u00bfEs Yavin el mejor dat\u00e1fono? 4 octubre 2022 \u00bfCu\u00e1l es el mejor dat\u00e1fono en Espa\u00f1a?<\/p>\n","protected":false},"author":2,"featured_media":0,"parent":0,"menu_order":0,"comment_status":"closed","ping_status":"closed","template":"template-front-page-slider.php","meta":{"_acf_changed":false,"footnotes":""},"class_list":{"0":"post-42","1":"page","2":"type-page","3":"status-publish","5":"clearfix","6":"article"},"acf":[],"yoast_head":"<!-- This site is optimized with the Yoast SEO plugin v27.4 - https:\/\/yoast.com\/product\/yoast-seo-wordpress\/ -->\n<title>Comparador de servicios para emprendedores - Entrepreneur Hero Espa\u00f1a<\/title>\n<meta name=\"description\" content=\"Entrepreneur Hero is THE comparator of services for entrepreneurs. We test and compare the products for you.\" \/>\n<meta name=\"robots\" content=\"index, follow, max-snippet:-1, max-image-preview:large, max-video-preview:-1\" \/>\n<link rel=\"canonical\" href=\"https:\/\/entrepreneurhero.org\/es\/\" \/>\n<meta property=\"og:locale\" content=\"es_ES\" \/>\n<meta property=\"og:type\" content=\"article\" \/>\n<meta property=\"og:title\" content=\"Comparador de servicios para emprendedores - Entrepreneur Hero Espa\u00f1a\" \/>\n<meta property=\"og:description\" content=\"Entrepreneur Hero is THE comparator of services for entrepreneurs. We test and compare the products for you.\" \/>\n<meta property=\"og:url\" content=\"https:\/\/entrepreneurhero.org\/es\/\" \/>\n<meta property=\"og:site_name\" content=\"Entrepreneur Hero Espa\u00f1a\" \/>\n<meta property=\"article:modified_time\" content=\"2022-11-20T17:30:49+00:00\" \/>\n<meta property=\"og:image\" content=\"https:\/\/entrepreneurhero.org\/es\/wp-content\/uploads\/sites\/6\/2022\/11\/logo__yavin_dark.png\" \/>\n<meta name=\"twitter:card\" content=\"summary_large_image\" \/>\n<meta name=\"twitter:label1\" content=\"Tiempo de lectura\" \/>\n\t<meta name=\"twitter:data1\" content=\"2 minutos\" \/>\n<script type=\"application\/ld+json\" class=\"yoast-schema-graph\">{\"@context\":\"https:\\\/\\\/schema.org\",\"@graph\":[{\"@type\":\"WebPage\",\"@id\":\"https:\\\/\\\/entrepreneurhero.org\\\/es\\\/\",\"url\":\"https:\\\/\\\/entrepreneurhero.org\\\/es\\\/\",\"name\":\"Comparador de servicios para emprendedores - Entrepreneur Hero Espa\u00f1a\",\"isPartOf\":{\"@id\":\"https:\\\/\\\/entrepreneurhero.org\\\/es\\\/#website\"},\"primaryImageOfPage\":{\"@id\":\"https:\\\/\\\/entrepreneurhero.org\\\/es\\\/#primaryimage\"},\"image\":{\"@id\":\"https:\\\/\\\/entrepreneurhero.org\\\/es\\\/#primaryimage\"},\"thumbnailUrl\":\"https:\\\/\\\/entrepreneurhero.org\\\/es\\\/wp-content\\\/uploads\\\/sites\\\/6\\\/2022\\\/11\\\/logo__yavin_dark.png\",\"datePublished\":\"2017-09-04T14:50:41+00:00\",\"dateModified\":\"2022-11-20T17:30:49+00:00\",\"description\":\"Entrepreneur Hero is THE comparator of services for entrepreneurs. We test and compare the products for you.\",\"breadcrumb\":{\"@id\":\"https:\\\/\\\/entrepreneurhero.org\\\/es\\\/#breadcrumb\"},\"inLanguage\":\"es\",\"potentialAction\":[{\"@type\":\"ReadAction\",\"target\":[\"https:\\\/\\\/entrepreneurhero.org\\\/es\\\/\"]}]},{\"@type\":\"ImageObject\",\"inLanguage\":\"es\",\"@id\":\"https:\\\/\\\/entrepreneurhero.org\\\/es\\\/#primaryimage\",\"url\":\"https:\\\/\\\/entrepreneurhero.org\\\/es\\\/wp-content\\\/uploads\\\/sites\\\/6\\\/2022\\\/11\\\/logo__yavin_dark.png\",\"contentUrl\":\"https:\\\/\\\/entrepreneurhero.org\\\/es\\\/wp-content\\\/uploads\\\/sites\\\/6\\\/2022\\\/11\\\/logo__yavin_dark.png\",\"width\":200,\"height\":86,\"caption\":\"logo yavin\"},{\"@type\":\"BreadcrumbList\",\"@id\":\"https:\\\/\\\/entrepreneurhero.org\\\/es\\\/#breadcrumb\",\"itemListElement\":[{\"@type\":\"ListItem\",\"position\":1,\"name\":\"Accueil\",\"item\":\"https:\\\/\\\/entrepreneurhero.org\\\/es\\\/\"},{\"@type\":\"ListItem\",\"position\":2,\"name\":\"Comparador de servicios para emprendedores &#8211; Entrepreneur Hero Espa\u00f1a\"}]},{\"@type\":\"WebSite\",\"@id\":\"https:\\\/\\\/entrepreneurhero.org\\\/es\\\/#website\",\"url\":\"https:\\\/\\\/entrepreneurhero.org\\\/es\\\/\",\"name\":\"Entrepreneur Hero Espa\u00f1a\",\"description\":\"Comparador de servicios para emprendedores\",\"potentialAction\":[{\"@type\":\"SearchAction\",\"target\":{\"@type\":\"EntryPoint\",\"urlTemplate\":\"https:\\\/\\\/entrepreneurhero.org\\\/es\\\/?s={search_term_string}\"},\"query-input\":{\"@type\":\"PropertyValueSpecification\",\"valueRequired\":true,\"valueName\":\"search_term_string\"}}],\"inLanguage\":\"es\"}]}<\/script>\n<!-- \/ Yoast SEO plugin. -->","yoast_head_json":{"title":"Comparador de servicios para emprendedores - Entrepreneur Hero Espa\u00f1a","description":"Entrepreneur Hero is THE comparator of services for entrepreneurs. We test and compare the products for you.","robots":{"index":"index","follow":"follow","max-snippet":"max-snippet:-1","max-image-preview":"max-image-preview:large","max-video-preview":"max-video-preview:-1"},"canonical":"https:\/\/entrepreneurhero.org\/es\/","og_locale":"es_ES","og_type":"article","og_title":"Comparador de servicios para emprendedores - Entrepreneur Hero Espa\u00f1a","og_description":"Entrepreneur Hero is THE comparator of services for entrepreneurs. We test and compare the products for you.","og_url":"https:\/\/entrepreneurhero.org\/es\/","og_site_name":"Entrepreneur Hero Espa\u00f1a","article_modified_time":"2022-11-20T17:30:49+00:00","og_image":[{"url":"https:\/\/entrepreneurhero.org\/es\/wp-content\/uploads\/sites\/6\/2022\/11\/logo__yavin_dark.png","type":"","width":"","height":""}],"twitter_card":"summary_large_image","twitter_misc":{"Tiempo de lectura":"2 minutos"},"schema":{"@context":"https:\/\/schema.org","@graph":[{"@type":"WebPage","@id":"https:\/\/entrepreneurhero.org\/es\/","url":"https:\/\/entrepreneurhero.org\/es\/","name":"Comparador de servicios para emprendedores - Entrepreneur Hero Espa\u00f1a","isPartOf":{"@id":"https:\/\/entrepreneurhero.org\/es\/#website"},"primaryImageOfPage":{"@id":"https:\/\/entrepreneurhero.org\/es\/#primaryimage"},"image":{"@id":"https:\/\/entrepreneurhero.org\/es\/#primaryimage"},"thumbnailUrl":"https:\/\/entrepreneurhero.org\/es\/wp-content\/uploads\/sites\/6\/2022\/11\/logo__yavin_dark.png","datePublished":"2017-09-04T14:50:41+00:00","dateModified":"2022-11-20T17:30:49+00:00","description":"Entrepreneur Hero is THE comparator of services for entrepreneurs. We test and compare the products for you.","breadcrumb":{"@id":"https:\/\/entrepreneurhero.org\/es\/#breadcrumb"},"inLanguage":"es","potentialAction":[{"@type":"ReadAction","target":["https:\/\/entrepreneurhero.org\/es\/"]}]},{"@type":"ImageObject","inLanguage":"es","@id":"https:\/\/entrepreneurhero.org\/es\/#primaryimage","url":"https:\/\/entrepreneurhero.org\/es\/wp-content\/uploads\/sites\/6\/2022\/11\/logo__yavin_dark.png","contentUrl":"https:\/\/entrepreneurhero.org\/es\/wp-content\/uploads\/sites\/6\/2022\/11\/logo__yavin_dark.png","width":200,"height":86,"caption":"logo yavin"},{"@type":"BreadcrumbList","@id":"https:\/\/entrepreneurhero.org\/es\/#breadcrumb","itemListElement":[{"@type":"ListItem","position":1,"name":"Accueil","item":"https:\/\/entrepreneurhero.org\/es\/"},{"@type":"ListItem","position":2,"name":"Comparador de servicios para emprendedores &#8211; Entrepreneur Hero Espa\u00f1a"}]},{"@type":"WebSite","@id":"https:\/\/entrepreneurhero.org\/es\/#website","url":"https:\/\/entrepreneurhero.org\/es\/","name":"Entrepreneur Hero Espa\u00f1a","description":"Comparador de servicios para emprendedores","potentialAction":[{"@type":"SearchAction","target":{"@type":"EntryPoint","urlTemplate":"https:\/\/entrepreneurhero.org\/es\/?s={search_term_string}"},"query-input":{"@type":"PropertyValueSpecification","valueRequired":true,"valueName":"search_term_string"}}],"inLanguage":"es"}]}},"_links":{"self":[{"href":"https:\/\/entrepreneurhero.org\/es\/wp-json\/wp\/v2\/pages\/42","targetHints":{"allow":["GET"]}}],"collection":[{"href":"https:\/\/entrepreneurhero.org\/es\/wp-json\/wp\/v2\/pages"}],"about":[{"href":"https:\/\/entrepreneurhero.org\/es\/wp-json\/wp\/v2\/types\/page"}],"author":[{"embeddable":true,"href":"https:\/\/entrepreneurhero.org\/es\/wp-json\/wp\/v2\/users\/2"}],"replies":[{"embeddable":true,"href":"https:\/\/entrepreneurhero.org\/es\/wp-json\/wp\/v2\/comments?post=42"}],"version-history":[{"count":92,"href":"https:\/\/entrepreneurhero.org\/es\/wp-json\/wp\/v2\/pages\/42\/revisions"}],"predecessor-version":[{"id":10933,"href":"https:\/\/entrepreneurhero.org\/es\/wp-json\/wp\/v2\/pages\/42\/revisions\/10933"}],"wp:attachment":[{"href":"https:\/\/entrepreneurhero.org\/es\/wp-json\/wp\/v2\/media?parent=42"}],"curies":[{"name":"wp","href":"https:\/\/api.w.org\/{rel}","templated":true}]}}